{"id":2,"date":"2019-10-23T08:24:39","date_gmt":"2019-10-23T08:24:39","guid":{"rendered":"https:\/\/www.monibee.ch\/?page_id=2"},"modified":"2020-06-11T19:53:45","modified_gmt":"2020-06-11T17:53:45","slug":"sample-page","status":"publish","type":"page","link":"https:\/\/www.monibee.ch\/","title":{"rendered":"Monibee &#8211; k\u00e9sako"},"content":{"rendered":"\n<p>Que vous soyez un apiculteur amateur ou professionnel, <strong><em>Monibee<\/em><\/strong> est l&rsquo;application qu&rsquo;il vous faut pour un suivi efficace et simple de vos ruches.\u00a0<\/p>\n\n\n\n<p>Monibee vous permet de documenter vos visites, les t\u00e2ches effectu\u00e9es au rucher, les \u00e9v\u00e9nements ponctuant la vie de chaque ruche. <\/p>\n\n\n\n<p>Gr\u00e2ce \u00e0 un QR-Code coll\u00e9 sur la ruche, un simple scan vous permet d&rsquo;acc\u00e9der directement aux donn\u00e9es de la ruche. Un smartphone ou une tablette vous permettent de visualiser ou saisir ces informations et rendent l&rsquo;utilisation de papier obsol\u00e8te. <\/p>\n\n\n\n<p>Coupl\u00e9e \u00e0 notre capteur Aquibee actuellement en d\u00e9veloppement, <strong><em>Monibee<\/em><\/strong> vous donnera une vue en temps r\u00e9el de diff\u00e9rents param\u00e8tres tels que l&rsquo;humidit\u00e9, la pression atmosph\u00e9rique, la temp\u00e9rature, le poids et \u00e0 cela s&rsquo;ajoute la capture du son produit par les colonies. L&rsquo;analyse de ces valeurs facilitera l&rsquo;\u00e9valuation de l&rsquo;\u00e9tat de sant\u00e9 de vos colonies.<\/p>\n\n\n\n<p>La documentation des t\u00e2ches et \u00e9v\u00e9nements est simplifi\u00e9e gr\u00e2ce \u00e0 des types de t\u00e2ches et \u00e9v\u00e9nements pr\u00e9d\u00e9finis comme:&nbsp;<\/p>\n\n\n\n<ul class=\"wp-block-list\"><li>Visite<\/li><li>Ajout \/ Suppression de cadres<\/li><li>Traitement<\/li><li>Cr\u00e9ation d&rsquo;une colonie par nucl\u00e9e ou essaim<\/li><li>Essaimage<\/li><li>Changement de reine<\/li><li>&#8230;.<\/li><\/ul>\n\n\n\n<p>Vous \u00e9levez vos propres reines? Documentez et tracez les informations de vos reines, leur g\u00e9n\u00e9alogie, leur \u00e2ge et associez les avec les ruches dans lesquelles elles ont \u00e9t\u00e9 introduites.<\/p>\n\n\n\n<p>Acc\u00e9dez en tout temps \u00e0 vos donn\u00e9es en ligne. G\u00e9rez vos donn\u00e9es depuis chez vous, comparez et analysez les donn\u00e9es collect\u00e9es d&rsquo;une ou plusieurs ruches sous forme de tableau ou de graphique.<\/p>\n\n\n\n<p>Enregistrez-vous d\u00e8s aujourd&rsquo;hui, pour un acc\u00e8s de base vous permettant le gestion d&rsquo;un rucher et 10 ruches. Pour plus d&rsquo;information, contactez-nous: <a href=\"mailto:info@forthwood.ch\">info@forthwood.ch<\/a><\/p>\n\n\n\n<div class=\"wp-block-anchor-block-standard\" id=\"register\" data-anchor-padding=\"\" style=\"--data-anchor-padding: 0px\"><\/div>\n\n\n\n<div class=\"wp-block-button\"><a class=\"wp-block-button__link\" href=\"\/index.php\/senregistrer\/\">S&rsquo;enregistrer<\/a><\/div>\n\n\n\n<p><\/p>\n\n\n\n<p>Une fois que vous aurez essay\u00e9 notre application, vous ne pourrez plus vous en passer.<\/p>\n\n\n\n<div class=\"wp-block-button is-style-outline bt-app is-style-outline--1\"><a class=\"wp-block-button__link has-text-color has-luminous-vivid-amber-color has-background\" href=\"app\/\" style=\"background-color:#fff6de\">Ouvrir l&rsquo;application<\/a><\/div>\n","protected":false},"excerpt":{"rendered":"<p>Que vous soyez un apiculteur amateur ou professionnel, Monibee est l&rsquo;application qu&rsquo;il vous faut pour un suivi efficace et simple de vos ruches.\u00a0 Monibee vous permet de documenter vos visites, les t\u00e2ches effectu\u00e9es au rucher, les \u00e9v\u00e9nements ponctuant la vie de chaque ruche. Gr\u00e2ce \u00e0 un QR-Code coll\u00e9 sur la ruche, un simple scan vous &hellip; <\/p>\n<p class=\"link-more\"><a href=\"https:\/\/www.monibee.ch\/\" class=\"more-link\">Continuer la lecture<span class=\"screen-reader-text\"> de &laquo;&nbsp;Monibee &#8211; k\u00e9sako&nbsp;&raquo;<\/span><\/a><\/p>\n","protected":false},"author":1,"featured_media":0,"parent":0,"menu_order":0,"comment_status":"closed","ping_status":"open","template":"","meta":{"inline_featured_image":false,"footnotes":""},"class_list":["post-2","page","type-page","status-publish","hentry"],"_links":{"self":[{"href":"https:\/\/www.monibee.ch\/index.php\/wp-json\/wp\/v2\/pages\/2","targetHints":{"allow":["GET"]}}],"collection":[{"href":"https:\/\/www.monibee.ch\/index.php\/wp-json\/wp\/v2\/pages"}],"about":[{"href":"https:\/\/www.monibee.ch\/index.php\/wp-json\/wp\/v2\/types\/page"}],"author":[{"embeddable":true,"href":"https:\/\/www.monibee.ch\/index.php\/wp-json\/wp\/v2\/users\/1"}],"replies":[{"embeddable":true,"href":"https:\/\/www.monibee.ch\/index.php\/wp-json\/wp\/v2\/comments?post=2"}],"version-history":[{"count":16,"href":"https:\/\/www.monibee.ch\/index.php\/wp-json\/wp\/v2\/pages\/2\/revisions"}],"predecessor-version":[{"id":231,"href":"https:\/\/www.monibee.ch\/index.php\/wp-json\/wp\/v2\/pages\/2\/revisions\/231"}],"wp:attachment":[{"href":"https:\/\/www.monibee.ch\/index.php\/wp-json\/wp\/v2\/media?parent=2"}],"curies":[{"name":"wp","href":"https:\/\/api.w.org\/{rel}","templated":true}]}}