{"id":144,"date":"2020-06-04T16:51:53","date_gmt":"2020-06-04T14:51:53","guid":{"rendered":"https:\/\/www.monibee.ch\/?page_id=144"},"modified":"2020-06-17T21:31:09","modified_gmt":"2020-06-17T19:31:09","slug":"demarrage-rapide","status":"publish","type":"page","link":"https:\/\/www.monibee.ch\/index.php\/demarrage-rapide\/","title":{"rendered":"D\u00e9marrage rapide"},"content":{"rendered":"\n<h2 class=\"wp-block-heading\">Comment acc\u00e9der \u00e0 l\u2019application pour la premi\u00e8re fois<\/h2>\n\n\n\n<ul class=\"wp-block-list\"><li>Cr\u00e9er un login en <a rel=\"noreferrer noopener\" href=\"https:\/\/www.monibee.ch\/#register\" target=\"_blank\">s\u2019enregistrant<\/a> sur le site internet <em><strong>Monibee<\/strong><\/em><\/li><\/ul>\n\n\n\n<ul class=\"wp-block-list\"><li>Votre demande sera trait\u00e9e dans les plus brefs d\u00e9lais et vous recevrez un e-mail avec les informations vous permettant d\u2019acc\u00e9der \u00e0 l\u2019application <em><strong>Monibee<\/strong><\/em> pour la premi\u00e8re fois et de r\u00e9initialiser votre mot de passe.<\/li><\/ul>\n\n\n\n<h2 class=\"wp-block-heading\">Pour acc\u00e9der \u00e0 l\u2019application&nbsp;:<\/h2>\n\n\n\n<ul class=\"wp-block-list\"><li>Via le site&nbsp;: <a href=\"https:\/\/www.monibee.ch\/\">https:\/\/www.monibee.ch<\/a><br><br><img loading=\"lazy\" decoding=\"async\" width=\"500\" height=\"151\" class=\"wp-image-150\" style=\"width: 500px;\" src=\"https:\/\/www.monibee.ch\/wp-content\/uploads\/2020\/04\/image-1.png\" alt=\"\" srcset=\"https:\/\/www.monibee.ch\/wp-content\/uploads\/2020\/04\/image-1.png 536w, https:\/\/www.monibee.ch\/wp-content\/uploads\/2020\/04\/image-1-300x91.png 300w\" sizes=\"auto, (max-width: 500px) 100vw, 500px\" \/><br><br><\/li><li>Ou en entrant le lien suivant dans votre navigateur internet&nbsp;:&nbsp;<a href=\"https:\/\/www.monibee.ch\/app\/#\/\">https:\/\/www.monibee.ch\/app\/#\/<\/a><\/li><\/ul>\n\n\n\n<h2 class=\"wp-block-heading\">Mettre \u00e0 jour ses donn\u00e9es personnelles<\/h2>\n\n\n\n<p>Vous pouvez \u00e9diter vos donn\u00e9es personnelles sur l&rsquo;\u00e9cran d&rsquo;accueil de l&rsquo;application:<br><img loading=\"lazy\" decoding=\"async\" width=\"700\" height=\"90\" class=\"wp-image-152\" style=\"width: 700px;\" src=\"https:\/\/www.monibee.ch\/wp-content\/uploads\/2020\/04\/image-2.png\" alt=\"\" srcset=\"https:\/\/www.monibee.ch\/wp-content\/uploads\/2020\/04\/image-2.png 852w, https:\/\/www.monibee.ch\/wp-content\/uploads\/2020\/04\/image-2-300x39.png 300w, https:\/\/www.monibee.ch\/wp-content\/uploads\/2020\/04\/image-2-768x99.png 768w\" sizes=\"auto, (max-width: 700px) 100vw, 700px\" \/><br><br><img loading=\"lazy\" decoding=\"async\" width=\"1000\" height=\"999\" class=\"wp-image-154\" style=\"width: 1000px;\" src=\"https:\/\/www.monibee.ch\/wp-content\/uploads\/2020\/04\/image-3.png\" alt=\"\" srcset=\"https:\/\/www.monibee.ch\/wp-content\/uploads\/2020\/04\/image-3.png 1406w, https:\/\/www.monibee.ch\/wp-content\/uploads\/2020\/04\/image-3-300x300.png 300w, https:\/\/www.monibee.ch\/wp-content\/uploads\/2020\/04\/image-3-1024x1024.png 1024w, https:\/\/www.monibee.ch\/wp-content\/uploads\/2020\/04\/image-3-150x150.png 150w, https:\/\/www.monibee.ch\/wp-content\/uploads\/2020\/04\/image-3-768x767.png 768w, https:\/\/www.monibee.ch\/wp-content\/uploads\/2020\/04\/image-3-100x100.png 100w\" sizes=\"auto, (max-width: 767px) 89vw, (max-width: 1000px) 54vw, (max-width: 1071px) 543px, 580px\" \/><br>S\u00e9lectionnez l&rsquo;option <strong><em>Eleveur de reines<\/em><\/strong> si vous \u00e9levez des reines. Votre nom appara\u00eetra ainsi dans la liste des \u00e9leveurs dans le module de gestion des reines. <br>Vous pouvez \u00e9galement rendre votre nom accessible \u00e0 tous les utilisateurs de <strong><em>Monibee<\/em><\/strong> en cochant la case <strong><em>Visible pour les autres<\/em><\/strong> ce qui permettra d&rsquo;associer ais\u00e9ment une reine \u00e0 son \u00e9leveur.<\/p>\n\n\n\n<h2 class=\"wp-block-heading\">Prise en main<\/h2>\n\n\n\n<h3 class=\"wp-block-heading\">Cr\u00e9er un nouveau rucher et \u00e9diter les information du rucher<\/h3>\n\n\n\n<ul class=\"wp-block-list\"><li>Cr\u00e9er un rucher:<br><br><img loading=\"lazy\" decoding=\"async\" width=\"300\" height=\"161\" class=\"wp-image-158\" style=\"width: 300px;\" src=\"https:\/\/www.monibee.ch\/wp-content\/uploads\/2020\/04\/image-4.png\" alt=\"\"><br><\/li><li>Pour \u00e9diter les informations du rucher:<br><br><img loading=\"lazy\" decoding=\"async\" width=\"300\" height=\"116\" class=\"wp-image-175\" style=\"width: 300px;\" src=\"https:\/\/www.monibee.ch\/wp-content\/uploads\/2020\/05\/image.png\" alt=\"\" srcset=\"https:\/\/www.monibee.ch\/wp-content\/uploads\/2020\/05\/image.png 316w, https:\/\/www.monibee.ch\/wp-content\/uploads\/2020\/05\/image-300x116.png 300w\" sizes=\"auto, (max-width: 300px) 100vw, 300px\" \/><\/li><\/ul>\n\n\n\n<p>Les informations du rucher seront valides pour toutes les ruches qui seront cr\u00e9\u00e9es sous ce rucher.<\/p>\n\n\n\n<ul class=\"wp-block-list\"><li>Editer les informations g\u00e9n\u00e9rales li\u00e9es au rucher: <strong><em>nom du rucher<\/em><\/strong> et descriptif<br><br><img loading=\"lazy\" decoding=\"async\" width=\"500\" height=\"213\" class=\"wp-image-170\" style=\"width: 500px;\" src=\"https:\/\/www.monibee.ch\/wp-content\/uploads\/2020\/04\/image-9.png\" alt=\"\" srcset=\"https:\/\/www.monibee.ch\/wp-content\/uploads\/2020\/04\/image-9.png 592w, https:\/\/www.monibee.ch\/wp-content\/uploads\/2020\/04\/image-9-300x128.png 300w\" sizes=\"auto, (max-width: 500px) 100vw, 500px\" \/><\/li><li>Editer la localisation du rucher<\/li><\/ul>\n\n\n\n<figure class=\"wp-block-image size-large\"><img loading=\"lazy\" decoding=\"async\" width=\"704\" height=\"551\" src=\"https:\/\/www.monibee.ch\/wp-content\/uploads\/2020\/04\/image-6.png\" alt=\"\" class=\"wp-image-161\" srcset=\"https:\/\/www.monibee.ch\/wp-content\/uploads\/2020\/04\/image-6.png 704w, https:\/\/www.monibee.ch\/wp-content\/uploads\/2020\/04\/image-6-300x235.png 300w\" sizes=\"auto, (max-width: 704px) 100vw, 704px\" \/><\/figure>\n\n\n\n<ul class=\"wp-block-list\" start=\"1\"><li><strong>(1)<\/strong> Localisation automatique en utilisant la g\u00e9olocalisation de votre appareil<br>ou<\/li><li><strong>(2)<\/strong> Entr\u00e9e manuelle des coordonn\u00e9es de localisation<\/li><\/ul>\n\n\n\n<figure class=\"wp-block-image size-large\"><img loading=\"lazy\" decoding=\"async\" width=\"698\" height=\"257\" src=\"https:\/\/www.monibee.ch\/wp-content\/uploads\/2020\/04\/image-7.png\" alt=\"\" class=\"wp-image-163\" srcset=\"https:\/\/www.monibee.ch\/wp-content\/uploads\/2020\/04\/image-7.png 698w, https:\/\/www.monibee.ch\/wp-content\/uploads\/2020\/04\/image-7-300x110.png 300w\" sizes=\"auto, (max-width: 698px) 100vw, 698px\" \/><\/figure>\n\n\n\n<ul class=\"wp-block-list\" start=\"3\"><li><strong>(3)<\/strong> Pour d\u00e9placer la localisation du rucher sur la carte: placer le curseur sur le sigle de localisation; une fois qu&rsquo;un point bleu appara\u00eet, le curseur peut \u00eatre d\u00e9plac\u00e9 librement sur la carte<\/li><\/ul>\n\n\n\n<ul class=\"wp-block-list\"><li>Gestion des personnes et r\u00f4les<br>L&rsquo;acc\u00e8s \u00e0 vos donn\u00e9es par des tiers se g\u00e8re par rucher<\/li><\/ul>\n\n\n\n<figure class=\"wp-block-image\"><img loading=\"lazy\" decoding=\"async\" width=\"699\" height=\"186\" src=\"https:\/\/www.monibee.ch\/wp-content\/uploads\/2020\/05\/image-1.png\" alt=\"\" class=\"wp-image-180\" srcset=\"https:\/\/www.monibee.ch\/wp-content\/uploads\/2020\/05\/image-1.png 699w, https:\/\/www.monibee.ch\/wp-content\/uploads\/2020\/05\/image-1-300x80.png 300w\" sizes=\"auto, (max-width: 699px) 100vw, 699px\" \/><\/figure>\n\n\n\n<p>L&rsquo;acc\u00e8s \u00e0 un rucher ne peut \u00eatre donn\u00e9 qu&rsquo;\u00e0 des personnes d\u00e9j\u00e0 <a href=\"https:\/\/www.monibee.ch\/index.php\/senregistrer\/\">enregistr\u00e9es<\/a> en tant qu&rsquo;utilisateur de <strong><em>Monibee<\/em><\/strong>.<\/p>\n\n\n\n<ul class=\"wp-block-list\"><li><strong>(1)<\/strong> Assigner un r\u00f4le \u00e0 l&rsquo;utilisateur. <ul><li>Les r\u00f4les de la liste d\u00e9roulante sont organis\u00e9s de fa\u00e7on hi\u00e9rarchique et un r\u00f4le situ\u00e9 en dessus d&rsquo;un autre dans la liste h\u00e9rite automatiquement de tous les droits des r\u00f4les situ\u00e9s au-dessous.<\/li><li>Le r\u00f4le <strong><em>G\u00e9rer le rucher<\/em><\/strong> est assign\u00e9 par d\u00e9faut au cr\u00e9ateur d&rsquo;un rucher. Ce r\u00f4le correspond \u00e0 un r\u00f4le d&rsquo;administration ayant donc le maximum de droits. Ce r\u00f4le ne peut \u00eatre assign\u00e9 qu&rsquo;\u00e0 une seule personne par rucher.<\/li><\/ul><\/li><li><strong>(2)<\/strong> Identifier l&rsquo;utilisateur par son adresse e-mail (il s&rsquo;agit de l&rsquo;adresse e-mail utilis\u00e9e par l&rsquo;utilisateur pour s&rsquo;authentifier dans <strong><em>Monibee<\/em><\/strong>)<br>Une fois l&rsquo;acc\u00e8s assign\u00e9 \u00e0 un utilisateur, celui-ci verra le nouveau rucher appara\u00eetre dans la liste des ruchers lors de son prochain acc\u00e8s \u00e0 <strong><em>Monibee<\/em><\/strong>.<\/li><\/ul>\n\n\n\n<figure class=\"wp-block-image size-large\"><img loading=\"lazy\" decoding=\"async\" width=\"1024\" height=\"366\" src=\"https:\/\/www.monibee.ch\/wp-content\/uploads\/2020\/06\/image-19-1024x366.png\" alt=\"\" class=\"wp-image-278\" srcset=\"https:\/\/www.monibee.ch\/wp-content\/uploads\/2020\/06\/image-19-1024x366.png 1024w, https:\/\/www.monibee.ch\/wp-content\/uploads\/2020\/06\/image-19-300x107.png 300w, https:\/\/www.monibee.ch\/wp-content\/uploads\/2020\/06\/image-19-768x274.png 768w, https:\/\/www.monibee.ch\/wp-content\/uploads\/2020\/06\/image-19-1536x549.png 1536w, https:\/\/www.monibee.ch\/wp-content\/uploads\/2020\/06\/image-19.png 1690w\" sizes=\"auto, (max-width: 767px) 89vw, (max-width: 1000px) 54vw, (max-width: 1071px) 543px, 580px\" \/><\/figure>\n\n\n\n<h3 class=\"wp-block-heading\">Cr\u00e9er une nouvelle ruche<\/h3>\n\n\n\n<ul class=\"wp-block-list\"><li>Cr\u00e9er une ruche:<br><img loading=\"lazy\" decoding=\"async\" width=\"300\" height=\"168\" class=\"wp-image-192\" src=\"https:\/\/www.monibee.ch\/wp-content\/uploads\/2020\/06\/image.png\" alt=\"\" style=\"width: 300px;\"><\/li><\/ul>\n\n\n\n<ul class=\"wp-block-list\"><li>Pour \u00e9diter les informations du rucher:<br><img loading=\"lazy\" decoding=\"async\" width=\"300\" height=\"155\" class=\"wp-image-194\" src=\"https:\/\/www.monibee.ch\/wp-content\/uploads\/2020\/06\/image-2.png\" alt=\"\" style=\"width: 300px;\" srcset=\"https:\/\/www.monibee.ch\/wp-content\/uploads\/2020\/06\/image-2.png 308w, https:\/\/www.monibee.ch\/wp-content\/uploads\/2020\/06\/image-2-300x155.png 300w\" sizes=\"auto, (max-width: 300px) 100vw, 300px\" \/><\/li><\/ul>\n\n\n\n<ul class=\"wp-block-list\"><li>Ajouter un \u00e9v\u00e9nement:<br><img loading=\"lazy\" decoding=\"async\" width=\"300\" height=\"106\" class=\"wp-image-195\" style=\"width: 300px;\" src=\"https:\/\/www.monibee.ch\/wp-content\/uploads\/2020\/06\/image-3.png\" alt=\"\"><br><br><img loading=\"lazy\" decoding=\"async\" width=\"350\" height=\"102\" class=\"wp-image-196\" src=\"https:\/\/www.monibee.ch\/wp-content\/uploads\/2020\/06\/image-4.png\" alt=\"\" style=\"width: 350px;\" srcset=\"https:\/\/www.monibee.ch\/wp-content\/uploads\/2020\/06\/image-4.png 413w, https:\/\/www.monibee.ch\/wp-content\/uploads\/2020\/06\/image-4-300x87.png 300w\" sizes=\"auto, (max-width: 350px) 100vw, 350px\" \/><\/li><\/ul>\n\n\n\n<h3 class=\"wp-block-heading\">Acc\u00e9der \u00e0 une ruche via son QR code<\/h3>\n\n\n\n<p>Lors de la cr\u00e9ation d&rsquo;une ruche, deux QR codes sont g\u00e9n\u00e9r\u00e9s, l&rsquo;un pour l&rsquo;acc\u00e8s aux \u00e9v\u00e9nement de la ruche et le second pour l&rsquo;acc\u00e8s aux mesures fournies par l&rsquo;Aquibee.<\/p>\n\n\n\n<ul class=\"wp-block-list\"><li>Imprimer le QR-code (qui pourra ensuite \u00eatre coll\u00e9 sur la ruche)<br><img loading=\"lazy\" decoding=\"async\" width=\"600\" height=\"442\" class=\"wp-image-197\" src=\"https:\/\/www.monibee.ch\/wp-content\/uploads\/2020\/06\/image-5.png\" alt=\"\" style=\"width: 600px;\" srcset=\"https:\/\/www.monibee.ch\/wp-content\/uploads\/2020\/06\/image-5.png 774w, https:\/\/www.monibee.ch\/wp-content\/uploads\/2020\/06\/image-5-300x221.png 300w, https:\/\/www.monibee.ch\/wp-content\/uploads\/2020\/06\/image-5-768x566.png 768w\" sizes=\"auto, (max-width: 600px) 100vw, 600px\" \/><\/li><\/ul>\n\n\n\n<ul class=\"wp-block-list\"><li>Scanner l&rsquo;un des QR-Code pour acc\u00e9der aux \u00e9v\u00e9nements\/mesures du rucher choisi<br><img loading=\"lazy\" decoding=\"async\" width=\"300\" height=\"76\" class=\"wp-image-198\" src=\"https:\/\/www.monibee.ch\/wp-content\/uploads\/2020\/06\/image-6.png\" alt=\"\" style=\"width: 300px;\" srcset=\"https:\/\/www.monibee.ch\/wp-content\/uploads\/2020\/06\/image-6.png 317w, https:\/\/www.monibee.ch\/wp-content\/uploads\/2020\/06\/image-6-300x76.png 300w\" sizes=\"auto, (max-width: 300px) 100vw, 300px\" \/><\/li><\/ul>\n\n\n\n<h2 class=\"wp-block-heading\">Donn\u00e9es marquantes<\/h2>\n\n\n\n<ul class=\"wp-block-list\"><li>Un \u00e9v\u00e9nement peut \u00eatre \u00e9pingl\u00e9 et devient marquant<br><img decoding=\"async\" src=\"https:\/\/www.monibee.ch\/wp-content\/uploads\/2020\/06\/pin.png\" alt=\"\"><ul><li>L&rsquo;\u00e9v\u00e9nement peut \u00eatre horodat\u00e9 dans le futur et devient une t\u00e2che \u00e0 effectuer. Une fois coch\u00e9e, elle sort des \u00e9l\u00e9ments marquants<br><img loading=\"lazy\" decoding=\"async\" width=\"420\" height=\"154\" class=\"wp-image-238\" style=\"width: 420px;\" src=\"https:\/\/www.monibee.ch\/wp-content\/uploads\/2020\/06\/image-13.png\" alt=\"\" srcset=\"https:\/\/www.monibee.ch\/wp-content\/uploads\/2020\/06\/image-13.png 442w, https:\/\/www.monibee.ch\/wp-content\/uploads\/2020\/06\/image-13-300x110.png 300w\" sizes=\"auto, (max-width: 420px) 100vw, 420px\" \/><\/li><\/ul><\/li><\/ul>\n\n\n\n<ul class=\"wp-block-list\"><li>Les ic\u00f4nes des \u00e9l\u00e9ments marquants sont d\u00e9cor\u00e9s<ul><li>Par un marque page pour un \u00e9v\u00e9nement \u00e9pingl\u00e9<br><img decoding=\"async\" src=\"https:\/\/www.monibee.ch\/wp-content\/uploads\/2020\/06\/icon_pinned.png\" alt=\"\"><\/li><li>Par un r\u00e9veil pour les t\u00e2ches \u00e0 effectuer<br><img decoding=\"async\" src=\"https:\/\/www.monibee.ch\/wp-content\/uploads\/2020\/06\/icon_planned.png\" alt=\"\"><\/li><\/ul><\/li><li>Les donn\u00e9es marquantes sont accessibles en cliquant sur la fl\u00e8che \u00e0 c\u00f4t\u00e9 des boutons de rucher et de ruche<br><img decoding=\"async\" src=\"https:\/\/www.monibee.ch\/wp-content\/uploads\/2020\/06\/highlights.png\" alt=\"\"><\/li><\/ul>\n\n\n\n<h3 class=\"wp-block-heading\">Gestion des reines<\/h3>\n\n\n\n<p>La liste et les caract\u00e9ristiques des reines se documentent dans le module <strong><em>Reines<\/em><\/strong><\/p>\n\n\n\n<figure class=\"wp-block-image size-large\"><img loading=\"lazy\" decoding=\"async\" width=\"280\" height=\"78\" src=\"https:\/\/www.monibee.ch\/wp-content\/uploads\/2020\/06\/image-9.png\" alt=\"\" class=\"wp-image-234\"\/><\/figure>\n\n\n\n<ul class=\"wp-block-list\"><li>Cr\u00e9er des reines et \u00e9diter leurs caract\u00e9ristiques<\/li><\/ul>\n\n\n\n<figure class=\"wp-block-image size-large\"><img loading=\"lazy\" decoding=\"async\" width=\"1024\" height=\"660\" src=\"https:\/\/www.monibee.ch\/wp-content\/uploads\/2020\/06\/image-10-1024x660.png\" alt=\"\" class=\"wp-image-235\" srcset=\"https:\/\/www.monibee.ch\/wp-content\/uploads\/2020\/06\/image-10-1024x660.png 1024w, https:\/\/www.monibee.ch\/wp-content\/uploads\/2020\/06\/image-10-300x193.png 300w, https:\/\/www.monibee.ch\/wp-content\/uploads\/2020\/06\/image-10-768x495.png 768w, https:\/\/www.monibee.ch\/wp-content\/uploads\/2020\/06\/image-10-1536x990.png 1536w, https:\/\/www.monibee.ch\/wp-content\/uploads\/2020\/06\/image-10.png 1558w\" sizes=\"auto, (max-width: 767px) 89vw, (max-width: 1000px) 54vw, (max-width: 1071px) 543px, 580px\" \/><\/figure>\n\n\n\n<ul class=\"wp-block-list\"><li>Une reine peut \u00eatre attribu\u00e9e \u00e0 une de vos ruches :<\/li><li>en s\u00e9lectionnant l&rsquo;une des reines que vous avez entr\u00e9e dans le module de gestion des reines:<br>1. en cr\u00e9ant un \u00e9v\u00e9nement: <img loading=\"lazy\" decoding=\"async\" width=\"35\" height=\"32\" class=\"wp-image-241\" style=\"width: 35px;\" src=\"https:\/\/www.monibee.ch\/wp-content\/uploads\/2020\/06\/image-14.png\" alt=\"\"><strong><em>Reine chang\u00e9e<\/em><\/strong><br>2. en s\u00e9lectionnant la reine dans la liste d\u00e9roulante: <strong><em>Identit\u00e9 de la nouvelle reine<\/em><\/strong><br><br><img loading=\"lazy\" decoding=\"async\" width=\"600\" height=\"435\" class=\"wp-image-236\" src=\"https:\/\/www.monibee.ch\/wp-content\/uploads\/2020\/06\/image-11.png\" alt=\"\" style=\"width: 600px;\" srcset=\"https:\/\/www.monibee.ch\/wp-content\/uploads\/2020\/06\/image-11.png 778w, https:\/\/www.monibee.ch\/wp-content\/uploads\/2020\/06\/image-11-300x217.png 300w, https:\/\/www.monibee.ch\/wp-content\/uploads\/2020\/06\/image-11-768x557.png 768w\" sizes=\"auto, (max-width: 600px) 100vw, 600px\" \/><\/li><\/ul>\n\n\n\n<ul class=\"wp-block-list\"><li>La couleur des reines est affich\u00e9e par une pastille \u00e0 c\u00f4t\u00e9 du bouton de la ruche une fois une reine associ\u00e9e \u00e0 une ruche<br><img loading=\"lazy\" decoding=\"async\" width=\"300\" height=\"54\" class=\"wp-image-242\" src=\"https:\/\/www.monibee.ch\/wp-content\/uploads\/2020\/06\/image-15.png\" alt=\"\" style=\"width: 300px;\" srcset=\"https:\/\/www.monibee.ch\/wp-content\/uploads\/2020\/06\/image-15.png 540w, https:\/\/www.monibee.ch\/wp-content\/uploads\/2020\/06\/image-15-300x54.png 300w\" sizes=\"auto, (max-width: 300px) 100vw, 300px\" \/><\/li><\/ul>\n\n\n\n<p><\/p>\n","protected":false},"excerpt":{"rendered":"<p>Comment acc\u00e9der \u00e0 l\u2019application pour la premi\u00e8re fois Cr\u00e9er un login en s\u2019enregistrant sur le site internet Monibee Votre demande sera trait\u00e9e dans les plus brefs d\u00e9lais et vous recevrez un e-mail avec les informations vous permettant d\u2019acc\u00e9der \u00e0 l\u2019application Monibee pour la premi\u00e8re fois et de r\u00e9initialiser votre mot de passe. Pour acc\u00e9der \u00e0 &hellip; <\/p>\n<p class=\"link-more\"><a href=\"https:\/\/www.monibee.ch\/index.php\/demarrage-rapide\/\" class=\"more-link\">Continuer la lecture<span class=\"screen-reader-text\"> de &laquo;&nbsp;D\u00e9marrage rapide&nbsp;&raquo;<\/span><\/a><\/p>\n","protected":false},"author":1,"featured_media":0,"parent":0,"menu_order":0,"comment_status":"closed","ping_status":"closed","template":"","meta":{"inline_featured_image":false,"footnotes":""},"class_list":["post-144","page","type-page","status-publish","hentry"],"_links":{"self":[{"href":"https:\/\/www.monibee.ch\/index.php\/wp-json\/wp\/v2\/pages\/144","targetHints":{"allow":["GET"]}}],"collection":[{"href":"https:\/\/www.monibee.ch\/index.php\/wp-json\/wp\/v2\/pages"}],"about":[{"href":"https:\/\/www.monibee.ch\/index.php\/wp-json\/wp\/v2\/types\/page"}],"author":[{"embeddable":true,"href":"https:\/\/www.monibee.ch\/index.php\/wp-json\/wp\/v2\/users\/1"}],"replies":[{"embeddable":true,"href":"https:\/\/www.monibee.ch\/index.php\/wp-json\/wp\/v2\/comments?post=144"}],"version-history":[{"count":37,"href":"https:\/\/www.monibee.ch\/index.php\/wp-json\/wp\/v2\/pages\/144\/revisions"}],"predecessor-version":[{"id":279,"href":"https:\/\/www.monibee.ch\/index.php\/wp-json\/wp\/v2\/pages\/144\/revisions\/279"}],"wp:attachment":[{"href":"https:\/\/www.monibee.ch\/index.php\/wp-json\/wp\/v2\/media?parent=144"}],"curies":[{"name":"wp","href":"https:\/\/api.w.org\/{rel}","templated":true}]}}